{"id":3480,"date":"2025-02-11T19:14:32","date_gmt":"2025-02-11T19:14:32","guid":{"rendered":"https:\/\/grupojordao.com\/?page_id=3480"},"modified":"2025-02-11T19:16:31","modified_gmt":"2025-02-11T19:16:31","slug":"logistica","status":"publish","type":"page","link":"https:\/\/jordaocorporation.com\/index.php\/logistica\/","title":{"rendered":"Log\u00edstica"},"content":{"rendered":"\t\t<div data-elementor-type=\"wp-page\" data-elementor-id=\"3480\" class=\"elementor elementor-3480\">\n\t\t\t\t\t\t<section class=\"elementor-section elementor-top-section elementor-element elementor-element-5ddbe5d video-area-pt elementor-section-boxed elementor-section-height-default elementor-section-height-default\" data-id=\"5ddbe5d\" data-element_type=\"section\">\n\t\t\t\t\t\t<div class=\"elementor-container elementor-column-gap-default\">\n\t\t\t\t\t<div class=\"elementor-column elementor-col-100 elementor-top-column elementor-element elementor-element-ceeb855\" data-id=\"ceeb855\" data-element_type=\"column\">\n\t\t\t<div class=\"elementor-widget-wrap elementor-element-populated\">\n\t\t\t\t\t\t<section class=\"elementor-section elementor-inner-section elementor-element elementor-element-c9145eb elementor-section-content-middle elementor-section-boxed elementor-section-height-default elementor-section-height-default\" data-id=\"c9145eb\" data-element_type=\"section\">\n\t\t\t\t\t\t<div class=\"elementor-container elementor-column-gap-default\">\n\t\t\t\t\t<div class=\"elementor-column elementor-col-50 elementor-inner-column elementor-element elementor-element-d44a29a\" data-id=\"d44a29a\" data-element_type=\"column\">\n\t\t\t<div class=\"elementor-widget-wrap elementor-element-populated\">\n\t\t\t\t\t\t<div class=\"elementor-element elementor-element-6d39d8e elementor-widget elementor-widget-image\" data-id=\"6d39d8e\" data-element_type=\"widget\" data-widget_type=\"image.default\">\n\t\t\t\t<div class=\"elementor-widget-container\">\n\t\t\t\t\t\t\t\t\t\t\t\t\t\t\t<img fetchpriority=\"high\" decoding=\"async\" width=\"560\" height=\"1000\" src=\"https:\/\/jordaocorporation.com\/wp-content\/uploads\/2025\/02\/2151468864.jpg\" class=\"attachment-full size-full wp-image-3468\" alt=\"\" srcset=\"https:\/\/jordaocorporation.com\/wp-content\/uploads\/2025\/02\/2151468864.jpg 560w, https:\/\/jordaocorporation.com\/wp-content\/uploads\/2025\/02\/2151468864-168x300.jpg 168w, https:\/\/jordaocorporation.com\/wp-content\/uploads\/2025\/02\/2151468864-45x80.jpg 45w\" sizes=\"(max-width: 560px) 100vw, 560px\" \/>\t\t\t\t\t\t\t\t\t\t\t\t\t\t\t<\/div>\n\t\t\t\t<\/div>\n\t\t\t\t<div class=\"elementor-element elementor-element-17bf3f5 elementor-absolute elementor-invisible elementor-widget elementor-widget-image\" data-id=\"17bf3f5\" data-element_type=\"widget\" data-settings=\"{&quot;_animation&quot;:&quot;fadeInLeft&quot;,&quot;_position&quot;:&quot;absolute&quot;}\" data-widget_type=\"image.default\">\n\t\t\t\t<div class=\"elementor-widget-container\">\n\t\t\t\t\t\t\t\t\t\t\t\t\t\t\t<img decoding=\"async\" width=\"498\" height=\"550\" src=\"https:\/\/jordaocorporation.com\/wp-content\/uploads\/2020\/04\/video_img_shape.png\" class=\"attachment-full size-full wp-image-1524\" alt=\"\" srcset=\"https:\/\/jordaocorporation.com\/wp-content\/uploads\/2020\/04\/video_img_shape.png 498w, https:\/\/jordaocorporation.com\/wp-content\/uploads\/2020\/04\/video_img_shape-272x300.png 272w, https:\/\/jordaocorporation.com\/wp-content\/uploads\/2020\/04\/video_img_shape-72x80.png 72w\" sizes=\"(max-width: 498px) 100vw, 498px\" \/>\t\t\t\t\t\t\t\t\t\t\t\t\t\t\t<\/div>\n\t\t\t\t<\/div>\n\t\t\t\t\t<\/div>\n\t\t<\/div>\n\t\t\t\t<div class=\"elementor-column elementor-col-50 elementor-inner-column elementor-element elementor-element-609c303\" data-id=\"609c303\" data-element_type=\"column\">\n\t\t\t<div class=\"elementor-widget-wrap elementor-element-populated\">\n\t\t\t\t\t\t<div class=\"elementor-element elementor-element-3dfb329 elementor-widget elementor-widget-section-head\" data-id=\"3dfb329\" data-element_type=\"widget\" data-widget_type=\"section-head.default\">\n\t\t\t\t<div class=\"elementor-widget-container\">\n\t\t\t\t\t\t\t<div class=\"section-title \">\r\n\t\t\t            <span class=\"line wow \">Jord\u00e3o Log\u00edstica<\/span>\r\n                        <h2>\r\n            \t            \t<span class=\"tl1\" >Solu\u00e7\u00e3o completa em<\/span>\r\n            \t            \t<span class=\"tl2\" > transporte e log\u00edstica agr\u00edcola<\/span>\r\n            \t            <\/h2>\r\n                  <\/div>\r\n\t\t\t\t\t<\/div>\n\t\t\t\t<\/div>\n\t\t\t\t<div class=\"elementor-element elementor-element-8a09a1a elementor-invisible elementor-widget elementor-widget-single-icon-item\" data-id=\"8a09a1a\" data-element_type=\"widget\" data-settings=\"{&quot;_animation&quot;:&quot;fadeInUp&quot;}\" data-widget_type=\"single-icon-item.default\">\n\t\t\t\t<div class=\"elementor-widget-container\">\n\t\t\t\t\t\r\n      <div class=\"single-icon-box text-left\">\r\n        \t         <div class=\"item-box-content typography_style\">\r\n         \t         \t<h4 >Nasce a Jord\u00e3o Log\u00edstica<\/h4>\r\n         \t            <p >Rodovia, Ferrovia, Portos e Aeroportos. A\nJordLog ser\u00e1 uma empresa l\u00edder em solu\u00e7\u00f5es log\u00edsticas, com expertise\nem transporte rodovi\u00e1rio, ferrovi\u00e1rio, portu\u00e1rio e aerovi\u00e1rio. Oferecendo\nsolu\u00e7\u00f5es completas e personalizadas para atender \u00e0s necessidades\npr\u00f3prias e de futuros clientes, garantindo a entrega segura e eficiente das\ndiversas commodities do mercado agro.\n<br><br>\nA Jord\u00e3o Log\u00edstica \u00e9 um desmembramento estrat\u00e9gico da Jord\u00e3o\nAgroSoja S\/A para transportar, al\u00e9m da produ\u00e7\u00e3o pr\u00f3pria de milh\u00f5es de\ntoneladas de soja, milho e trigo, atender ao mercado de commodities\nagr\u00edcolas do sul do pa\u00eds.\n<br><br>\nNovamente a lideran\u00e7a do Presidente do Grupo Jord\u00e3o, CEO Bruno\nJord\u00e3o Filho, fazendo a diferen\u00e7a na gera\u00e7\u00e3o de divisas, emprego, sa\u00fade,\neduca\u00e7\u00e3o, renda e filantropia para o nosso pa\u00eds.<\/p>\r\n                     <\/div>\r\n      <\/div>\r\n\t\t\t\t\t<\/div>\n\t\t\t\t<\/div>\n\t\t\t\t<div class=\"elementor-element elementor-element-2f338f3 elementor-widget__width-auto elementor-widget elementor-widget-geoport-button\" data-id=\"2f338f3\" data-element_type=\"widget\" data-widget_type=\"geoport-button.default\">\n\t\t\t\t<div class=\"elementor-widget-container\">\n\t\t\t\t\t\t\t<div class=\"geoport-button-wrapper\">\r\n\t\t<a href=\"https:\/\/jordaocorporation.com\/wp-content\/uploads\/2025\/02\/Jordao-Logistica-Solucao-completa-em-transporte-e-logistica-agricola.pdf\" target=\"_blank\" rel=\"nofollow\" class=\"geoport-btn btn\"><i class=\"ifs-icon fal fa-paper-plane\">\r\n\t\t\t<\/i>Conhe\u00e7a a solu\u00e7\u00e3o<\/a>\t\t<\/div>\r\n\t\t\t\t\t<\/div>\n\t\t\t\t<\/div>\n\t\t\t\t\t<\/div>\n\t\t<\/div>\n\t\t\t\t\t<\/div>\n\t\t<\/section>\n\t\t\t\t\t<\/div>\n\t\t<\/div>\n\t\t\t\t\t<\/div>\n\t\t<\/section>\n\t\t\t\t<section class=\"elementor-section elementor-top-section elementor-element elementor-element-047416f elementor-section-full_width elementor-section-height-default elementor-section-height-default\" data-id=\"047416f\" data-element_type=\"section\" data-settings=\"{&quot;background_background&quot;:&quot;classic&quot;}\">\n\t\t\t\t\t\t<div class=\"elementor-container elementor-column-gap-default\">\n\t\t\t\t\t<div class=\"elementor-column elementor-col-100 elementor-top-column elementor-element elementor-element-1228688\" data-id=\"1228688\" data-element_type=\"column\">\n\t\t\t<div class=\"elementor-widget-wrap elementor-element-populated\">\n\t\t\t\t\t\t<div class=\"elementor-element elementor-element-25c85e6 elementor-widget elementor-widget-section-head\" data-id=\"25c85e6\" data-element_type=\"widget\" data-widget_type=\"section-head.default\">\n\t\t\t\t<div class=\"elementor-widget-container\">\n\t\t\t\t\t\t\t<div class=\"section-title \">\r\n\t\t\t            <span class=\"line wow \">Flexibilidade e Efici\u00eancia<\/span>\r\n                        <h2>\r\n            \t            \t<span class=\"tl1\" >Modais de Transporte<\/span>\r\n            \t            <\/h2>\r\n                  <\/div>\r\n\t\t\t\t\t<\/div>\n\t\t\t\t<\/div>\n\t\t\t\t<section class=\"elementor-section elementor-inner-section elementor-element elementor-element-4813d8f elementor-section-boxed elementor-section-height-default elementor-section-height-default\" data-id=\"4813d8f\" data-element_type=\"section\">\n\t\t\t\t\t\t<div class=\"elementor-container elementor-column-gap-default\">\n\t\t\t\t\t<div class=\"elementor-column elementor-col-25 elementor-inner-column elementor-element elementor-element-589b4c6\" data-id=\"589b4c6\" data-element_type=\"column\">\n\t\t\t<div class=\"elementor-widget-wrap elementor-element-populated\">\n\t\t\t\t\t\t<div class=\"elementor-element elementor-element-a2354d6 elementor-widget elementor-widget-single-icon-item\" data-id=\"a2354d6\" data-element_type=\"widget\" data-widget_type=\"single-icon-item.default\">\n\t\t\t\t<div class=\"elementor-widget-container\">\n\t\t\t\t\t\t\t\r\n\t\t<div class=\"single-services text-center\">\r\n         <div class=\"services-icon\">\r\n                     \t\t<i class=\"fas fa-truck-moving\"><\/i>\r\n         \t         <\/div>\r\n         <div class=\"services-content typography_style\">\r\n                        <h4 >\r\n            \t<a href=\"https:\/\/jordaocorporation.com\/index.php\/ware-housing-service\/\" target=\"_self\" rel=\"nofollow\" class=\"icon-box-btn\">Rodovi\u00e1rio<\/a>            <\/h4>\r\n         \t            <p >Agilidade e capilaridade, ideal para escoamento r\u00e1pido\nda produ\u00e7\u00e3o. Caminh\u00f5es graneleiros modernos e bem\ndimensionados.<\/p>\r\n         <\/div>\r\n      <\/div>\r\n\r\n\t\t\t\t\t\t<\/div>\n\t\t\t\t<\/div>\n\t\t\t\t\t<\/div>\n\t\t<\/div>\n\t\t\t\t<div class=\"elementor-column elementor-col-25 elementor-inner-column elementor-element elementor-element-ca08a46\" data-id=\"ca08a46\" data-element_type=\"column\">\n\t\t\t<div class=\"elementor-widget-wrap elementor-element-populated\">\n\t\t\t\t\t\t<div class=\"elementor-element elementor-element-68e94a0 elementor-widget elementor-widget-single-icon-item\" data-id=\"68e94a0\" data-element_type=\"widget\" data-widget_type=\"single-icon-item.default\">\n\t\t\t\t<div class=\"elementor-widget-container\">\n\t\t\t\t\t\t\t\r\n\t\t<div class=\"single-services text-center\">\r\n         <div class=\"services-icon\">\r\n                     \t\t<i class=\"fas fa-train\"><\/i>\r\n         \t         <\/div>\r\n         <div class=\"services-content typography_style\">\r\n                        <h4 >\r\n            \t<a href=\"https:\/\/jordaocorporation.com\/index.php\/air-freighting-service\/\" target=\"_self\" rel=\"nofollow\" class=\"icon-box-btn\">Ferrovi\u00e1rio<\/a>            <\/h4>\r\n         \t            <p >Transporte de grandes volumes a baixo custo, com\nmenor impacto ambiental e maior seguran\u00e7a. Ideal\npara longas dist\u00e2ncias e cargas a granel.<\/p>\r\n         <\/div>\r\n      <\/div>\r\n\r\n\t\t\t\t\t\t<\/div>\n\t\t\t\t<\/div>\n\t\t\t\t\t<\/div>\n\t\t<\/div>\n\t\t\t\t<div class=\"elementor-column elementor-col-25 elementor-inner-column elementor-element elementor-element-5ba91bf\" data-id=\"5ba91bf\" data-element_type=\"column\">\n\t\t\t<div class=\"elementor-widget-wrap elementor-element-populated\">\n\t\t\t\t\t\t<div class=\"elementor-element elementor-element-f8e3c99 elementor-widget elementor-widget-single-icon-item\" data-id=\"f8e3c99\" data-element_type=\"widget\" data-widget_type=\"single-icon-item.default\">\n\t\t\t\t<div class=\"elementor-widget-container\">\n\t\t\t\t\t\t\t\r\n\t\t<div class=\"single-services text-center\">\r\n         <div class=\"services-icon\">\r\n                     \t\t<i class=\"fas fa-ship\"><\/i>\r\n         \t         <\/div>\r\n         <div class=\"services-content typography_style\">\r\n                        <h4 >\r\n            \t<a href=\"https:\/\/jordaocorporation.com\/index.php\/ocean-freighting-service\/\" target=\"_self\" rel=\"nofollow\" class=\"icon-box-btn\">Portu\u00e1rio<\/a>            <\/h4>\r\n         \t            <p >Efici\u00eancia e seguran\u00e7a na movimenta\u00e7\u00e3o de cargas\ninternacionais. Ofereceremos servi\u00e7os de\narmazenagem, despacho aduaneiro e transporte\nmar\u00edtimo em terminal pr\u00f3prio.<\/p>\r\n         <\/div>\r\n      <\/div>\r\n\r\n\t\t\t\t\t\t<\/div>\n\t\t\t\t<\/div>\n\t\t\t\t\t<\/div>\n\t\t<\/div>\n\t\t\t\t<div class=\"elementor-column elementor-col-25 elementor-inner-column elementor-element elementor-element-8591204\" data-id=\"8591204\" data-element_type=\"column\">\n\t\t\t<div class=\"elementor-widget-wrap elementor-element-populated\">\n\t\t\t\t\t\t<div class=\"elementor-element elementor-element-9c10502 elementor-widget elementor-widget-single-icon-item\" data-id=\"9c10502\" data-element_type=\"widget\" data-widget_type=\"single-icon-item.default\">\n\t\t\t\t<div class=\"elementor-widget-container\">\n\t\t\t\t\t\t\t\r\n\t\t<div class=\"single-services text-center\">\r\n         <div class=\"services-icon\">\r\n                     \t\t<i class=\"fas fa-plane-alt\"><\/i>\r\n         \t         <\/div>\r\n         <div class=\"services-content typography_style\">\r\n                        <h4 >\r\n            \t<a href=\"https:\/\/jordaocorporation.com\/index.php\/road-freighting-service\/\" target=\"_self\" rel=\"nofollow\" class=\"icon-box-btn\">Aerovi\u00e1rio<\/a>            <\/h4>\r\n         \t            <p >Transporte r\u00e1pido e seguro para cargas urgentes e de\nalto valor. Ofereceremos transporte a\u00e9reo nacional e\ninternacional, com frota pr\u00f3pria e parceiros\nestrat\u00e9gicos.<\/p>\r\n         <\/div>\r\n      <\/div>\r\n\r\n\t\t\t\t\t\t<\/div>\n\t\t\t\t<\/div>\n\t\t\t\t\t<\/div>\n\t\t<\/div>\n\t\t\t\t\t<\/div>\n\t\t<\/section>\n\t\t\t\t\t<\/div>\n\t\t<\/div>\n\t\t\t\t\t<\/div>\n\t\t<\/section>\n\t\t\t\t<\/div>\n\t\t","protected":false},"excerpt":{"rendered":"<p>Jord\u00e3o Log\u00edstica Solu\u00e7\u00e3o completa em transporte e log\u00edstica agr\u00edcola Nasce a Jord\u00e3o Log\u00edstica Rodovia, Ferrovia, Portos e Aeroportos. A JordLog ser\u00e1 uma empresa l\u00edder em solu\u00e7\u00f5es log\u00edsticas, com expertise em transporte rodovi\u00e1rio, ferrovi\u00e1rio, portu\u00e1rio e aerovi\u00e1rio. Oferecendo solu\u00e7\u00f5es completas e personalizadas para atender \u00e0s necessidades pr\u00f3prias e de futuros clientes, garantindo a entrega segura e [&hellip;]<\/p>\n","protected":false},"author":1,"featured_media":0,"parent":0,"menu_order":0,"comment_status":"closed","ping_status":"closed","template":"elementor_header_footer","meta":{"footnotes":""},"class_list":["post-3480","page","type-page","status-publish","hentry"],"lang":"pt","translations":{"pt":3480},"pll_sync_post":[],"_links":{"self":[{"href":"https:\/\/jordaocorporation.com\/index.php\/wp-json\/wp\/v2\/pages\/3480","targetHints":{"allow":["GET"]}}],"collection":[{"href":"https:\/\/jordaocorporation.com\/index.php\/wp-json\/wp\/v2\/pages"}],"about":[{"href":"https:\/\/jordaocorporation.com\/index.php\/wp-json\/wp\/v2\/types\/page"}],"author":[{"embeddable":true,"href":"https:\/\/jordaocorporation.com\/index.php\/wp-json\/wp\/v2\/users\/1"}],"replies":[{"embeddable":true,"href":"https:\/\/jordaocorporation.com\/index.php\/wp-json\/wp\/v2\/comments?post=3480"}],"version-history":[{"count":4,"href":"https:\/\/jordaocorporation.com\/index.php\/wp-json\/wp\/v2\/pages\/3480\/revisions"}],"predecessor-version":[{"id":3485,"href":"https:\/\/jordaocorporation.com\/index.php\/wp-json\/wp\/v2\/pages\/3480\/revisions\/3485"}],"wp:attachment":[{"href":"https:\/\/jordaocorporation.com\/index.php\/wp-json\/wp\/v2\/media?parent=3480"}],"curies":[{"name":"wp","href":"https:\/\/api.w.org\/{rel}","templated":true}]}}