{"id":3477,"date":"2025-02-11T19:10:40","date_gmt":"2025-02-11T19:10:40","guid":{"rendered":"https:\/\/grupojordao.com\/?page_id=3477"},"modified":"2025-02-11T19:26:17","modified_gmt":"2025-02-11T19:26:17","slug":"agrosoja","status":"publish","type":"page","link":"https:\/\/jordaocorporation.com\/index.php\/agrosoja\/","title":{"rendered":"AgroSoja"},"content":{"rendered":"\t\t<div data-elementor-type=\"wp-page\" data-elementor-id=\"3477\" class=\"elementor elementor-3477\">\n\t\t\t\t\t\t<section class=\"elementor-section elementor-top-section elementor-element elementor-element-16e9d48 video-area-pt elementor-section-boxed elementor-section-height-default elementor-section-height-default\" data-id=\"16e9d48\" data-element_type=\"section\">\n\t\t\t\t\t\t<div class=\"elementor-container elementor-column-gap-default\">\n\t\t\t\t\t<div class=\"elementor-column elementor-col-100 elementor-top-column elementor-element elementor-element-0ae36f1\" data-id=\"0ae36f1\" data-element_type=\"column\">\n\t\t\t<div class=\"elementor-widget-wrap elementor-element-populated\">\n\t\t\t\t\t\t<section class=\"elementor-section elementor-inner-section elementor-element elementor-element-ab64636 elementor-section-content-middle elementor-section-boxed elementor-section-height-default elementor-section-height-default\" data-id=\"ab64636\" data-element_type=\"section\">\n\t\t\t\t\t\t<div class=\"elementor-container elementor-column-gap-default\">\n\t\t\t\t\t<div class=\"elementor-column elementor-col-50 elementor-inner-column elementor-element elementor-element-c77d58c\" data-id=\"c77d58c\" data-element_type=\"column\">\n\t\t\t<div class=\"elementor-widget-wrap elementor-element-populated\">\n\t\t\t\t\t\t<div class=\"elementor-element elementor-element-b5a493b elementor-widget elementor-widget-image\" data-id=\"b5a493b\" data-element_type=\"widget\" data-widget_type=\"image.default\">\n\t\t\t\t<div class=\"elementor-widget-container\">\n\t\t\t\t\t\t\t\t\t\t\t\t\t\t\t<img fetchpriority=\"high\" decoding=\"async\" width=\"400\" height=\"660\" src=\"https:\/\/jordaocorporation.com\/wp-content\/uploads\/2025\/01\/309-1-e1736354557450.jpg\" class=\"attachment-full size-full wp-image-3293\" alt=\"\" srcset=\"https:\/\/jordaocorporation.com\/wp-content\/uploads\/2025\/01\/309-1-e1736354557450.jpg 400w, https:\/\/jordaocorporation.com\/wp-content\/uploads\/2025\/01\/309-1-e1736354557450-182x300.jpg 182w, https:\/\/jordaocorporation.com\/wp-content\/uploads\/2025\/01\/309-1-e1736354557450-48x80.jpg 48w\" sizes=\"(max-width: 400px) 100vw, 400px\" \/>\t\t\t\t\t\t\t\t\t\t\t\t\t\t\t<\/div>\n\t\t\t\t<\/div>\n\t\t\t\t<div class=\"elementor-element elementor-element-8cf1b5f elementor-absolute elementor-invisible elementor-widget elementor-widget-image\" data-id=\"8cf1b5f\" data-element_type=\"widget\" data-settings=\"{&quot;_animation&quot;:&quot;fadeInLeft&quot;,&quot;_position&quot;:&quot;absolute&quot;}\" data-widget_type=\"image.default\">\n\t\t\t\t<div class=\"elementor-widget-container\">\n\t\t\t\t\t\t\t\t\t\t\t\t\t\t\t<img decoding=\"async\" width=\"498\" height=\"550\" src=\"https:\/\/jordaocorporation.com\/wp-content\/uploads\/2020\/04\/video_img_shape.png\" class=\"attachment-full size-full wp-image-1524\" alt=\"\" srcset=\"https:\/\/jordaocorporation.com\/wp-content\/uploads\/2020\/04\/video_img_shape.png 498w, https:\/\/jordaocorporation.com\/wp-content\/uploads\/2020\/04\/video_img_shape-272x300.png 272w, https:\/\/jordaocorporation.com\/wp-content\/uploads\/2020\/04\/video_img_shape-72x80.png 72w\" sizes=\"(max-width: 498px) 100vw, 498px\" \/>\t\t\t\t\t\t\t\t\t\t\t\t\t\t\t<\/div>\n\t\t\t\t<\/div>\n\t\t\t\t\t<\/div>\n\t\t<\/div>\n\t\t\t\t<div class=\"elementor-column elementor-col-50 elementor-inner-column elementor-element elementor-element-23a0a43\" data-id=\"23a0a43\" data-element_type=\"column\">\n\t\t\t<div class=\"elementor-widget-wrap elementor-element-populated\">\n\t\t\t\t\t\t<div class=\"elementor-element elementor-element-7ef551a elementor-widget elementor-widget-section-head\" data-id=\"7ef551a\" data-element_type=\"widget\" data-widget_type=\"section-head.default\">\n\t\t\t\t<div class=\"elementor-widget-container\">\n\t\t\t\t\t\t\t<div class=\"section-title \">\r\n\t\t\t            <span class=\"line wow \">Jord\u00e3o AgroSoja S\/A<\/span>\r\n                        <h2>\r\n            \t            \t<span class=\"tl1\" >A import\u00e2ncia da log\u00edstica no escoamento da safra agr\u00edcola<\/span>\r\n            \t            <\/h2>\r\n                  <\/div>\r\n\t\t\t\t\t<\/div>\n\t\t\t\t<\/div>\n\t\t\t\t<div class=\"elementor-element elementor-element-340ef0d elementor-invisible elementor-widget elementor-widget-single-icon-item\" data-id=\"340ef0d\" data-element_type=\"widget\" data-settings=\"{&quot;_animation&quot;:&quot;fadeInUp&quot;}\" data-widget_type=\"single-icon-item.default\">\n\t\t\t\t<div class=\"elementor-widget-container\">\n\t\t\t\t\t\r\n      <div class=\"single-icon-box text-left\">\r\n        \t         <div class=\"item-box-content typography_style\">\r\n         \t         \t<h4 ><\/h4>\r\n         \t            <p >A log\u00edstica desempenha um papel fundamental no escoamento eficiente\nda safra agr\u00edcola, especialmente para os principais produtos cultivados no\nParan\u00e1: a soja, o trigo e o milho. Uma infraestrutura log\u00edstica integrada e\neficaz \u00e9 essencial para que esses gr\u00e3os cheguem aos mercados\nconsumidores de forma \u00e1gil, segura e economicamente vi\u00e1vel. Desde o\ntransporte rodovi\u00e1rio e ferrovi\u00e1rio at\u00e9 a utiliza\u00e7\u00e3o estrat\u00e9gica dos portos\nparanaenses, cada etapa da cadeia log\u00edstica contribui para a\ncompetitividade do agroneg\u00f3cio local. A Jord\u00e3o AgroSoja S\/A, liderada\npelo CEO Bruno Jord\u00e3o Filho est\u00e1 preparando a empresa para encarar os\ndesafios propostos.<\/p>\r\n                     <\/div>\r\n      <\/div>\r\n\t\t\t\t\t<\/div>\n\t\t\t\t<\/div>\n\t\t\t\t<div class=\"elementor-element elementor-element-7d49266 elementor-widget__width-auto elementor-widget elementor-widget-geoport-button\" data-id=\"7d49266\" data-element_type=\"widget\" data-widget_type=\"geoport-button.default\">\n\t\t\t\t<div class=\"elementor-widget-container\">\n\t\t\t\t\t\t\t<div class=\"geoport-button-wrapper\">\r\n\t\t<a href=\"https:\/\/jordaocorporation.com\/wp-content\/uploads\/2025\/02\/Jordao-AgroSoja-SA.pdf\" target=\"_blank\" rel=\"nofollow\" class=\"geoport-btn btn\"><i class=\"ifs-icon fal fa-paper-plane\">\r\n\t\t\t<\/i>Conhe\u00e7a a solu\u00e7\u00e3o<\/a>\t\t<\/div>\r\n\t\t\t\t\t<\/div>\n\t\t\t\t<\/div>\n\t\t\t\t\t<\/div>\n\t\t<\/div>\n\t\t\t\t\t<\/div>\n\t\t<\/section>\n\t\t\t\t\t<\/div>\n\t\t<\/div>\n\t\t\t\t\t<\/div>\n\t\t<\/section>\n\t\t\t\t<section class=\"elementor-section elementor-top-section elementor-element elementor-element-7f79525 elementor-section-full_width elementor-section-height-default elementor-section-height-default\" data-id=\"7f79525\" data-element_type=\"section\" data-settings=\"{&quot;background_background&quot;:&quot;classic&quot;}\">\n\t\t\t\t\t\t<div class=\"elementor-container elementor-column-gap-default\">\n\t\t\t\t\t<div class=\"elementor-column elementor-col-100 elementor-top-column elementor-element elementor-element-eb3aa3e\" data-id=\"eb3aa3e\" data-element_type=\"column\">\n\t\t\t<div class=\"elementor-widget-wrap elementor-element-populated\">\n\t\t\t\t\t\t<div class=\"elementor-element elementor-element-51b3798 elementor-widget elementor-widget-section-head\" data-id=\"51b3798\" data-element_type=\"widget\" data-widget_type=\"section-head.default\">\n\t\t\t\t<div class=\"elementor-widget-container\">\n\t\t\t\t\t\t\t<div class=\"section-title \">\r\n\t\t\t            <span class=\"line wow \">Integra\u00e7\u00e3o entre os modais de transporte<\/span>\r\n                        <h2>\r\n            \t            \t<span class=\"tl1\" >sinergias e efici\u00eancia log\u00edstica<\/span>\r\n            \t            <\/h2>\r\n                  <\/div>\r\n\t\t\t\t\t<\/div>\n\t\t\t\t<\/div>\n\t\t\t\t<section class=\"elementor-section elementor-inner-section elementor-element elementor-element-959fbe5 elementor-section-boxed elementor-section-height-default elementor-section-height-default\" data-id=\"959fbe5\" data-element_type=\"section\">\n\t\t\t\t\t\t<div class=\"elementor-container elementor-column-gap-default\">\n\t\t\t\t\t<div class=\"elementor-column elementor-col-25 elementor-inner-column elementor-element elementor-element-ab5e50d\" data-id=\"ab5e50d\" data-element_type=\"column\">\n\t\t\t<div class=\"elementor-widget-wrap elementor-element-populated\">\n\t\t\t\t\t\t<div class=\"elementor-element elementor-element-a21e853 elementor-widget elementor-widget-single-icon-item\" data-id=\"a21e853\" data-element_type=\"widget\" data-widget_type=\"single-icon-item.default\">\n\t\t\t\t<div class=\"elementor-widget-container\">\n\t\t\t\t\t\t\t\r\n\t\t<div class=\"single-services text-center\">\r\n         <div class=\"services-icon\">\r\n                     \t\t<i class=\"fas fa-truck-moving\"><\/i>\r\n         \t         <\/div>\r\n         <div class=\"services-content typography_style\">\r\n                        <h4 >\r\n            \t<a href=\"https:\/\/jordaocorporation.com\/index.php\/ware-housing-service\/\" target=\"_self\" rel=\"nofollow\" class=\"icon-box-btn\">Transporte Rodovi\u00e1rio<\/a>            <\/h4>\r\n         \t            <p >Respons\u00e1vel pelo\ndeslocamento da maior parte\nda produ\u00e7\u00e3o agr\u00edcola at\u00e9 os\ncentros de armazenamento e\nportos.<\/p>\r\n         <\/div>\r\n      <\/div>\r\n\r\n\t\t\t\t\t\t<\/div>\n\t\t\t\t<\/div>\n\t\t\t\t\t<\/div>\n\t\t<\/div>\n\t\t\t\t<div class=\"elementor-column elementor-col-25 elementor-inner-column elementor-element elementor-element-fe211be\" data-id=\"fe211be\" data-element_type=\"column\">\n\t\t\t<div class=\"elementor-widget-wrap elementor-element-populated\">\n\t\t\t\t\t\t<div class=\"elementor-element elementor-element-45fad03 elementor-widget elementor-widget-single-icon-item\" data-id=\"45fad03\" data-element_type=\"widget\" data-widget_type=\"single-icon-item.default\">\n\t\t\t\t<div class=\"elementor-widget-container\">\n\t\t\t\t\t\t\t\r\n\t\t<div class=\"single-services text-center\">\r\n         <div class=\"services-icon\">\r\n                     \t\t<i class=\"fas fa-train\"><\/i>\r\n         \t         <\/div>\r\n         <div class=\"services-content typography_style\">\r\n                        <h4 >\r\n            \t<a href=\"https:\/\/jordaocorporation.com\/index.php\/air-freighting-service\/\" target=\"_self\" rel=\"nofollow\" class=\"icon-box-btn\">Transporte Ferrovi\u00e1rio<\/a>            <\/h4>\r\n         \t            <p >Possui grande capacidade de\nescoamento e efici\u00eancia\nenerg\u00e9tica, especialmente\npara longas dist\u00e2ncias.<\/p>\r\n         <\/div>\r\n      <\/div>\r\n\r\n\t\t\t\t\t\t<\/div>\n\t\t\t\t<\/div>\n\t\t\t\t\t<\/div>\n\t\t<\/div>\n\t\t\t\t<div class=\"elementor-column elementor-col-25 elementor-inner-column elementor-element elementor-element-b56b6e1\" data-id=\"b56b6e1\" data-element_type=\"column\">\n\t\t\t<div class=\"elementor-widget-wrap elementor-element-populated\">\n\t\t\t\t\t\t<div class=\"elementor-element elementor-element-9acc96b elementor-widget elementor-widget-single-icon-item\" data-id=\"9acc96b\" data-element_type=\"widget\" data-widget_type=\"single-icon-item.default\">\n\t\t\t\t<div class=\"elementor-widget-container\">\n\t\t\t\t\t\t\t\r\n\t\t<div class=\"single-services text-center\">\r\n         <div class=\"services-icon\">\r\n                     \t\t<i class=\"fas fa-ship\"><\/i>\r\n         \t         <\/div>\r\n         <div class=\"services-content typography_style\">\r\n                        <h4 >\r\n            \t<a href=\"https:\/\/jordaocorporation.com\/index.php\/ocean-freighting-service\/\" target=\"_self\" rel=\"nofollow\" class=\"icon-box-btn\">Transporte Mar\u00edtimo<\/a>            <\/h4>\r\n         \t            <p >Fundamental para a\nexporta\u00e7\u00e3o da produ\u00e7\u00e3o\nagr\u00edcola paranaense,\natendendo aos mercados\ninternacionais.<\/p>\r\n         <\/div>\r\n      <\/div>\r\n\r\n\t\t\t\t\t\t<\/div>\n\t\t\t\t<\/div>\n\t\t\t\t\t<\/div>\n\t\t<\/div>\n\t\t\t\t<div class=\"elementor-column elementor-col-25 elementor-inner-column elementor-element elementor-element-b1db523\" data-id=\"b1db523\" data-element_type=\"column\">\n\t\t\t<div class=\"elementor-widget-wrap elementor-element-populated\">\n\t\t\t\t\t\t<div class=\"elementor-element elementor-element-c5d59bd elementor-widget elementor-widget-single-icon-item\" data-id=\"c5d59bd\" data-element_type=\"widget\" data-widget_type=\"single-icon-item.default\">\n\t\t\t\t<div class=\"elementor-widget-container\">\n\t\t\t\t\t\t\t\r\n\t\t<div class=\"single-services text-center\">\r\n         <div class=\"services-icon\">\r\n                     \t\t<i class=\"far fa-boxes\"><\/i>\r\n         \t         <\/div>\r\n         <div class=\"services-content typography_style\">\r\n                        <h4 >\r\n            \t<a href=\"https:\/\/jordaocorporation.com\/index.php\/road-freighting-service\/\" target=\"_self\" rel=\"nofollow\" class=\"icon-box-btn\">Armazenagem<\/a>            <\/h4>\r\n         \t            <p >Rede de armaz\u00e9ns\nestrategicamente localizados\ngarante a estocagem\ntempor\u00e1ria da safra.<\/p>\r\n         <\/div>\r\n      <\/div>\r\n\r\n\t\t\t\t\t\t<\/div>\n\t\t\t\t<\/div>\n\t\t\t\t\t<\/div>\n\t\t<\/div>\n\t\t\t\t\t<\/div>\n\t\t<\/section>\n\t\t\t\t\t<\/div>\n\t\t<\/div>\n\t\t\t\t\t<\/div>\n\t\t<\/section>\n\t\t\t\t<\/div>\n\t\t","protected":false},"excerpt":{"rendered":"<p>Jord\u00e3o AgroSoja S\/A A import\u00e2ncia da log\u00edstica no escoamento da safra agr\u00edcola A log\u00edstica desempenha um papel fundamental no escoamento eficiente da safra agr\u00edcola, especialmente para os principais produtos cultivados no Paran\u00e1: a soja, o trigo e o milho. Uma infraestrutura log\u00edstica integrada e eficaz \u00e9 essencial para que esses gr\u00e3os cheguem aos mercados consumidores [&hellip;]<\/p>\n","protected":false},"author":1,"featured_media":0,"parent":0,"menu_order":0,"comment_status":"closed","ping_status":"closed","template":"elementor_header_footer","meta":{"footnotes":""},"class_list":["post-3477","page","type-page","status-publish","hentry"],"lang":"pt","translations":{"pt":3477},"pll_sync_post":[],"_links":{"self":[{"href":"https:\/\/jordaocorporation.com\/index.php\/wp-json\/wp\/v2\/pages\/3477","targetHints":{"allow":["GET"]}}],"collection":[{"href":"https:\/\/jordaocorporation.com\/index.php\/wp-json\/wp\/v2\/pages"}],"about":[{"href":"https:\/\/jordaocorporation.com\/index.php\/wp-json\/wp\/v2\/types\/page"}],"author":[{"embeddable":true,"href":"https:\/\/jordaocorporation.com\/index.php\/wp-json\/wp\/v2\/users\/1"}],"replies":[{"embeddable":true,"href":"https:\/\/jordaocorporation.com\/index.php\/wp-json\/wp\/v2\/comments?post=3477"}],"version-history":[{"count":7,"href":"https:\/\/jordaocorporation.com\/index.php\/wp-json\/wp\/v2\/pages\/3477\/revisions"}],"predecessor-version":[{"id":3492,"href":"https:\/\/jordaocorporation.com\/index.php\/wp-json\/wp\/v2\/pages\/3477\/revisions\/3492"}],"wp:attachment":[{"href":"https:\/\/jordaocorporation.com\/index.php\/wp-json\/wp\/v2\/media?parent=3477"}],"curies":[{"name":"wp","href":"https:\/\/api.w.org\/{rel}","templated":true}]}}