{"id":1246,"date":"2020-03-30T05:16:13","date_gmt":"2020-03-30T05:16:13","guid":{"rendered":"http:\/\/pluginspoint.com\/geoport\/?page_id=1246"},"modified":"2025-08-18T15:23:56","modified_gmt":"2025-08-18T15:23:56","slug":"sugar","status":"publish","type":"page","link":"https:\/\/jordaocorporation.com\/index.php\/sugar\/","title":{"rendered":"Sugar"},"content":{"rendered":"\t\t<div data-elementor-type=\"wp-page\" data-elementor-id=\"1246\" class=\"elementor elementor-1246\">\n\t\t\t\t\t\t<section class=\"elementor-section elementor-top-section elementor-element elementor-element-1a6d8ac video-area-pt elementor-section-boxed elementor-section-height-default elementor-section-height-default\" data-id=\"1a6d8ac\" data-element_type=\"section\">\n\t\t\t\t\t\t<div class=\"elementor-container elementor-column-gap-default\">\n\t\t\t\t\t<div class=\"elementor-column elementor-col-100 elementor-top-column elementor-element elementor-element-50aafa1\" data-id=\"50aafa1\" data-element_type=\"column\">\n\t\t\t<div class=\"elementor-widget-wrap elementor-element-populated\">\n\t\t\t\t\t\t<section class=\"elementor-section elementor-inner-section elementor-element elementor-element-a9d8a1c elementor-section-content-middle elementor-section-boxed elementor-section-height-default elementor-section-height-default\" data-id=\"a9d8a1c\" data-element_type=\"section\">\n\t\t\t\t\t\t<div class=\"elementor-container elementor-column-gap-default\">\n\t\t\t\t\t<div class=\"elementor-column elementor-col-50 elementor-inner-column elementor-element elementor-element-db2a3a4\" data-id=\"db2a3a4\" data-element_type=\"column\">\n\t\t\t<div class=\"elementor-widget-wrap elementor-element-populated\">\n\t\t\t\t\t\t<div class=\"elementor-element elementor-element-a61dffa elementor-widget elementor-widget-image\" data-id=\"a61dffa\" data-element_type=\"widget\" data-widget_type=\"image.default\">\n\t\t\t\t<div class=\"elementor-widget-container\">\n\t\t\t\t\t\t\t\t\t\t\t\t\t\t\t<img fetchpriority=\"high\" decoding=\"async\" width=\"400\" height=\"660\" src=\"https:\/\/jordaocorporation.com\/wp-content\/uploads\/2025\/01\/AI_Image-1-e1738285255764.png\" class=\"attachment-full size-full wp-image-3392\" alt=\"\" srcset=\"https:\/\/jordaocorporation.com\/wp-content\/uploads\/2025\/01\/AI_Image-1-e1738285255764.png 400w, https:\/\/jordaocorporation.com\/wp-content\/uploads\/2025\/01\/AI_Image-1-e1738285255764-182x300.png 182w, https:\/\/jordaocorporation.com\/wp-content\/uploads\/2025\/01\/AI_Image-1-e1738285255764-48x80.png 48w\" sizes=\"(max-width: 400px) 100vw, 400px\" \/>\t\t\t\t\t\t\t\t\t\t\t\t\t\t\t<\/div>\n\t\t\t\t<\/div>\n\t\t\t\t<div class=\"elementor-element elementor-element-f95f530 elementor-absolute elementor-invisible elementor-widget elementor-widget-image\" data-id=\"f95f530\" data-element_type=\"widget\" data-settings=\"{&quot;_animation&quot;:&quot;fadeInLeft&quot;,&quot;_position&quot;:&quot;absolute&quot;}\" data-widget_type=\"image.default\">\n\t\t\t\t<div class=\"elementor-widget-container\">\n\t\t\t\t\t\t\t\t\t\t\t\t\t\t\t<img decoding=\"async\" width=\"498\" height=\"550\" src=\"https:\/\/jordaocorporation.com\/wp-content\/uploads\/2020\/04\/video_img_shape.png\" class=\"attachment-full size-full wp-image-1524\" alt=\"\" srcset=\"https:\/\/jordaocorporation.com\/wp-content\/uploads\/2020\/04\/video_img_shape.png 498w, https:\/\/jordaocorporation.com\/wp-content\/uploads\/2020\/04\/video_img_shape-272x300.png 272w, https:\/\/jordaocorporation.com\/wp-content\/uploads\/2020\/04\/video_img_shape-72x80.png 72w\" sizes=\"(max-width: 498px) 100vw, 498px\" \/>\t\t\t\t\t\t\t\t\t\t\t\t\t\t\t<\/div>\n\t\t\t\t<\/div>\n\t\t\t\t\t<\/div>\n\t\t<\/div>\n\t\t\t\t<div class=\"elementor-column elementor-col-50 elementor-inner-column elementor-element elementor-element-7804545\" data-id=\"7804545\" data-element_type=\"column\">\n\t\t\t<div class=\"elementor-widget-wrap elementor-element-populated\">\n\t\t\t\t\t\t<div class=\"elementor-element elementor-element-0841be9 elementor-widget elementor-widget-section-head\" data-id=\"0841be9\" data-element_type=\"widget\" data-widget_type=\"section-head.default\">\n\t\t\t\t<div class=\"elementor-widget-container\">\n\t\t\t\t\t\t\t<div class=\"section-title \">\r\n\t\t\t            <span class=\"line wow \">Jord\u00e3o Sugar<\/span>\r\n                        <h2>\r\n            \t            \t<span class=\"tl1\" >A\u00e7\u00facar de Cana Branca Grau &quot;A&quot; ICUMSA 45<\/span>\r\n            \t            <\/h2>\r\n                  <\/div>\r\n\t\t\t\t\t<\/div>\n\t\t\t\t<\/div>\n\t\t\t\t<div class=\"elementor-element elementor-element-1d916c5 elementor-invisible elementor-widget elementor-widget-single-icon-item\" data-id=\"1d916c5\" data-element_type=\"widget\" data-settings=\"{&quot;_animation&quot;:&quot;fadeInUp&quot;}\" data-widget_type=\"single-icon-item.default\">\n\t\t\t\t<div class=\"elementor-widget-container\">\n\t\t\t\t\t\r\n      <div class=\"single-icon-box text-left\">\r\n        \t         <div class=\"item-box-content typography_style\">\r\n         \t         \t<h4 >A\u00e7\u00facar de Cana Branca Grau \"A\"<\/h4>\r\n         \t            <p >Nossos fornecedores\npossuem produtos com\nrigoroso controle de\nqualidade, nosso a\u00e7\u00facar de\ncana branco grau \"A\"\nICUMSA 45 atinge o padr\u00e3o\nde excel\u00eancia exigido pelo\nmercado.<\/p>\r\n                     <\/div>\r\n      <\/div>\r\n\t\t\t\t\t<\/div>\n\t\t\t\t<\/div>\n\t\t\t\t<div class=\"elementor-element elementor-element-e3d93ac elementor-invisible elementor-widget elementor-widget-single-icon-item\" data-id=\"e3d93ac\" data-element_type=\"widget\" data-settings=\"{&quot;_animation&quot;:&quot;fadeInUp&quot;}\" data-widget_type=\"single-icon-item.default\">\n\t\t\t\t<div class=\"elementor-widget-container\">\n\t\t\t\t\t\r\n      <div class=\"single-icon-box text-left\">\r\n        \t         <div class=\"item-box-content typography_style\">\r\n         \t         \t<h4 >ICUMSA 45<\/h4>\r\n         \t            <p >A classifica\u00e7\u00e3o ICUMSA 45\ndefine a pureza e o grau de\nrefinamento do a\u00e7\u00facar,\ngarantindo um produto de\nalta qualidade e sabor. <\/p>\r\n                     <\/div>\r\n      <\/div>\r\n\t\t\t\t\t<\/div>\n\t\t\t\t<\/div>\n\t\t\t\t<div class=\"elementor-element elementor-element-cec50f8 elementor-invisible elementor-widget elementor-widget-single-icon-item\" data-id=\"cec50f8\" data-element_type=\"widget\" data-settings=\"{&quot;_animation&quot;:&quot;fadeInUp&quot;}\" data-widget_type=\"single-icon-item.default\">\n\t\t\t\t<div class=\"elementor-widget-container\">\n\t\t\t\t\t\r\n      <div class=\"single-icon-box text-left\">\r\n        \t         <div class=\"item-box-content typography_style\">\r\n         \t         \t<h4 >Atendimento<\/h4>\r\n         \t            <p >Atendemos qualquer quantidade, em todos os paises<\/p>\r\n                     <\/div>\r\n      <\/div>\r\n\t\t\t\t\t<\/div>\n\t\t\t\t<\/div>\n\t\t\t\t<div class=\"elementor-element elementor-element-866c6b5 elementor-widget__width-auto elementor-widget elementor-widget-geoport-button\" data-id=\"866c6b5\" data-element_type=\"widget\" data-widget_type=\"geoport-button.default\">\n\t\t\t\t<div class=\"elementor-widget-container\">\n\t\t\t\t\t\t\t<div class=\"geoport-button-wrapper\">\r\n\t\t<a href=\"https:\/\/jordaocorporation.com\/wp-content\/uploads\/2025\/02\/Grupo-Jordao-Especialistas-em-Acucar.pdf\" target=\"_blank\" rel=\"nofollow\" class=\"geoport-btn btn\"><i class=\"ifs-icon fal fa-paper-plane\">\r\n\t\t\t<\/i>Conhe\u00e7a a Solu\u00e7\u00e3o<\/a>\t\t<\/div>\r\n\t\t\t\t\t<\/div>\n\t\t\t\t<\/div>\n\t\t\t\t\t<\/div>\n\t\t<\/div>\n\t\t\t\t\t<\/div>\n\t\t<\/section>\n\t\t\t\t\t<\/div>\n\t\t<\/div>\n\t\t\t\t\t<\/div>\n\t\t<\/section>\n\t\t\t\t<section class=\"elementor-section elementor-top-section elementor-element elementor-element-dadb600 elementor-section-full_width elementor-section-height-default elementor-section-height-default\" data-id=\"dadb600\" data-element_type=\"section\" data-settings=\"{&quot;background_background&quot;:&quot;classic&quot;}\">\n\t\t\t\t\t\t<div class=\"elementor-container elementor-column-gap-default\">\n\t\t\t\t\t<div class=\"elementor-column elementor-col-100 elementor-top-column elementor-element elementor-element-27fa391\" data-id=\"27fa391\" data-element_type=\"column\">\n\t\t\t<div class=\"elementor-widget-wrap elementor-element-populated\">\n\t\t\t\t\t\t<div class=\"elementor-element elementor-element-f19c359 elementor-widget elementor-widget-section-head\" data-id=\"f19c359\" data-element_type=\"widget\" data-widget_type=\"section-head.default\">\n\t\t\t\t<div class=\"elementor-widget-container\">\n\t\t\t\t\t\t\t<div class=\"section-title \">\r\n\t\t\t            <span class=\"line wow \">Garantia de Qualidade e Excel\u00eancia<\/span>\r\n                        <h2>\r\n            \t            \t<span class=\"tl1\" >Jord\u00e3o Sugar<\/span>\r\n            \t            <\/h2>\r\n                  <\/div>\r\n\t\t\t\t\t<\/div>\n\t\t\t\t<\/div>\n\t\t\t\t<section class=\"elementor-section elementor-inner-section elementor-element elementor-element-3673e9a elementor-section-boxed elementor-section-height-default elementor-section-height-default\" data-id=\"3673e9a\" data-element_type=\"section\">\n\t\t\t\t\t\t<div class=\"elementor-container elementor-column-gap-default\">\n\t\t\t\t\t<div class=\"elementor-column elementor-col-25 elementor-inner-column elementor-element elementor-element-60469fc\" data-id=\"60469fc\" data-element_type=\"column\">\n\t\t\t<div class=\"elementor-widget-wrap elementor-element-populated\">\n\t\t\t\t\t\t<div class=\"elementor-element elementor-element-64e70b8 elementor-widget elementor-widget-single-icon-item\" data-id=\"64e70b8\" data-element_type=\"widget\" data-widget_type=\"single-icon-item.default\">\n\t\t\t\t<div class=\"elementor-widget-container\">\n\t\t\t\t\t\t\t\r\n\t\t<div class=\"single-services text-center\">\r\n         <div class=\"services-icon\">\r\n                     \t\t<i class=\"fas fa-map-pin\"><\/i>\r\n         \t         <\/div>\r\n         <div class=\"services-content typography_style\">\r\n                        <h4 >\r\n            \t<a href=\"https:\/\/jordaocorporation.com\/index.php\/ware-housing-service\/\" target=\"_self\" rel=\"nofollow\" class=\"icon-box-btn\">Produto com Origem garantida<\/a>            <\/h4>\r\n         \t            <p >Tem in\u00edcio na\nColheita da Cana-de-a\u00e7\u00facar: Sele\u00e7\u00e3o\ncriteriosa de mat\u00e9ria-prima de alta\nqualidade, garantindo a pureza e o sabor do\na\u00e7\u00facar.<\/p>\r\n         <\/div>\r\n      <\/div>\r\n\r\n\t\t\t\t\t\t<\/div>\n\t\t\t\t<\/div>\n\t\t\t\t\t<\/div>\n\t\t<\/div>\n\t\t\t\t<div class=\"elementor-column elementor-col-25 elementor-inner-column elementor-element elementor-element-a2941ba\" data-id=\"a2941ba\" data-element_type=\"column\">\n\t\t\t<div class=\"elementor-widget-wrap elementor-element-populated\">\n\t\t\t\t\t\t<div class=\"elementor-element elementor-element-6173546 elementor-widget elementor-widget-single-icon-item\" data-id=\"6173546\" data-element_type=\"widget\" data-widget_type=\"single-icon-item.default\">\n\t\t\t\t<div class=\"elementor-widget-container\">\n\t\t\t\t\t\t\t\r\n\t\t<div class=\"single-services text-center\">\r\n         <div class=\"services-icon\">\r\n                     \t\t<i class=\"far fa-toggle-on\"><\/i>\r\n         \t         <\/div>\r\n         <div class=\"services-content typography_style\">\r\n                        <h4 >\r\n            \t<a href=\"https:\/\/jordaocorporation.com\/index.php\/air-freighting-service\/\" target=\"_self\" rel=\"nofollow\" class=\"icon-box-btn\">Processamento<\/a>            <\/h4>\r\n         \t            <p >Utiliza\u00e7\u00e3o de tecnologias\navan\u00e7adas e processos rigorosos de\nmoagem, purifica\u00e7\u00e3o, cristaliza\u00e7\u00e3o e refino.<\/p>\r\n         <\/div>\r\n      <\/div>\r\n\r\n\t\t\t\t\t\t<\/div>\n\t\t\t\t<\/div>\n\t\t\t\t\t<\/div>\n\t\t<\/div>\n\t\t\t\t<div class=\"elementor-column elementor-col-25 elementor-inner-column elementor-element elementor-element-c529d32\" data-id=\"c529d32\" data-element_type=\"column\">\n\t\t\t<div class=\"elementor-widget-wrap elementor-element-populated\">\n\t\t\t\t\t\t<div class=\"elementor-element elementor-element-8357f44 elementor-widget elementor-widget-single-icon-item\" data-id=\"8357f44\" data-element_type=\"widget\" data-widget_type=\"single-icon-item.default\">\n\t\t\t\t<div class=\"elementor-widget-container\">\n\t\t\t\t\t\t\t\r\n\t\t<div class=\"single-services text-center\">\r\n         <div class=\"services-icon\">\r\n                     \t\t<i class=\"fas fa-search\"><\/i>\r\n         \t         <\/div>\r\n         <div class=\"services-content typography_style\">\r\n                        <h4 >\r\n            \t<a href=\"https:\/\/jordaocorporation.com\/index.php\/ocean-freighting-service\/\" target=\"_self\" rel=\"nofollow\" class=\"icon-box-btn\">Controle de Qualidade<\/a>            <\/h4>\r\n         \t            <p > Inspe\u00e7\u00f5es\nconstantes em cada etapa da produ\u00e7\u00e3o,\nassegurando a conformidade com os\npadr\u00f5es de excel\u00eancia.<\/p>\r\n         <\/div>\r\n      <\/div>\r\n\r\n\t\t\t\t\t\t<\/div>\n\t\t\t\t<\/div>\n\t\t\t\t\t<\/div>\n\t\t<\/div>\n\t\t\t\t<div class=\"elementor-column elementor-col-25 elementor-inner-column elementor-element elementor-element-c0d8492\" data-id=\"c0d8492\" data-element_type=\"column\">\n\t\t\t<div class=\"elementor-widget-wrap elementor-element-populated\">\n\t\t\t\t\t\t<div class=\"elementor-element elementor-element-dac13c8 elementor-widget elementor-widget-single-icon-item\" data-id=\"dac13c8\" data-element_type=\"widget\" data-widget_type=\"single-icon-item.default\">\n\t\t\t\t<div class=\"elementor-widget-container\">\n\t\t\t\t\t\t\t\r\n\t\t<div class=\"single-services text-center\">\r\n         <div class=\"services-icon\">\r\n                     \t\t<i class=\"far fa-boxes\"><\/i>\r\n         \t         <\/div>\r\n         <div class=\"services-content typography_style\">\r\n                        <h4 >\r\n            \t<a href=\"https:\/\/jordaocorporation.com\/index.php\/road-freighting-service\/\" target=\"_self\" rel=\"nofollow\" class=\"icon-box-btn\">Embalagem e Armazenamento<\/a>            <\/h4>\r\n         \t            <p >Embalagens adequadas e condi\u00e7\u00f5es de\narmazenamento controladas, garantindo a\nconserva\u00e7\u00e3o da qualidade do a\u00e7\u00facar.<\/p>\r\n         <\/div>\r\n      <\/div>\r\n\r\n\t\t\t\t\t\t<\/div>\n\t\t\t\t<\/div>\n\t\t\t\t\t<\/div>\n\t\t<\/div>\n\t\t\t\t\t<\/div>\n\t\t<\/section>\n\t\t\t\t\t<\/div>\n\t\t<\/div>\n\t\t\t\t\t<\/div>\n\t\t<\/section>\n\t\t\t\t<\/div>\n\t\t","protected":false},"excerpt":{"rendered":"<p>Jord\u00e3o Sugar A\u00e7\u00facar de Cana Branca Grau &quot;A&quot; ICUMSA 45 A\u00e7\u00facar de Cana Branca Grau &#8220;A&#8221; Nossos fornecedores possuem produtos com rigoroso controle de qualidade, nosso a\u00e7\u00facar de cana branco grau &#8220;A&#8221; ICUMSA 45 atinge o padr\u00e3o de excel\u00eancia exigido pelo mercado. ICUMSA 45 A classifica\u00e7\u00e3o ICUMSA 45 define a pureza e o grau de [&hellip;]<\/p>\n","protected":false},"author":1,"featured_media":0,"parent":0,"menu_order":0,"comment_status":"closed","ping_status":"closed","template":"page-template\/blank-page-sidebar.php","meta":{"footnotes":""},"class_list":["post-1246","page","type-page","status-publish","hentry"],"lang":"pt","translations":{"pt":1246},"pll_sync_post":[],"_links":{"self":[{"href":"https:\/\/jordaocorporation.com\/index.php\/wp-json\/wp\/v2\/pages\/1246","targetHints":{"allow":["GET"]}}],"collection":[{"href":"https:\/\/jordaocorporation.com\/index.php\/wp-json\/wp\/v2\/pages"}],"about":[{"href":"https:\/\/jordaocorporation.com\/index.php\/wp-json\/wp\/v2\/types\/page"}],"author":[{"embeddable":true,"href":"https:\/\/jordaocorporation.com\/index.php\/wp-json\/wp\/v2\/users\/1"}],"replies":[{"embeddable":true,"href":"https:\/\/jordaocorporation.com\/index.php\/wp-json\/wp\/v2\/comments?post=1246"}],"version-history":[{"count":34,"href":"https:\/\/jordaocorporation.com\/index.php\/wp-json\/wp\/v2\/pages\/1246\/revisions"}],"predecessor-version":[{"id":3607,"href":"https:\/\/jordaocorporation.com\/index.php\/wp-json\/wp\/v2\/pages\/1246\/revisions\/3607"}],"wp:attachment":[{"href":"https:\/\/jordaocorporation.com\/index.php\/wp-json\/wp\/v2\/media?parent=1246"}],"curies":[{"name":"wp","href":"https:\/\/api.w.org\/{rel}","templated":true}]}}